{"id":22,"date":"2016-06-10T17:09:18","date_gmt":"2016-06-10T17:09:18","guid":{"rendered":"http:\/\/asr-rayonnages-normandie.fr\/site\/?page_id=22"},"modified":"2018-10-20T14:11:39","modified_gmt":"2018-10-20T14:11:39","slug":"petit-rayonnage","status":"publish","type":"page","link":"https:\/\/asr-rayonnages-normandie.fr\/site\/petit-rayonnage\/","title":{"rendered":"Petit Rayonnage"},"content":{"rendered":"<div class=\"RSDB_2COL_LEFT\">\nVous \u00eates \u00e0 la recherche de <b>petits rayonnages neufs ou d&rsquo;occasion<\/b>, <b>ASR Rayonnages Normandie<\/b> vous propose un large choix de <b>petits rayonnages<\/b> (<u>neufs et occasions<\/u>), des marques de principaux fabricants, selon nos arrivages et disponibilit\u00e9s des stocks.<\/p>\n<p><b>ASR Rayonnages Normandie<\/b> et le <b>Groupe ASR Equipement<\/b>, ce sont <b>plus de 12 000 m\u00b2 d\u00e9di\u00e9s aux petits rayonnages, et rayonnages industriels neufs et d&rsquo;occasion<\/b> en stock.<\/p>\n<p><b>Nous centralisons notre stock dans notre centre principal<\/b>, pr\u00eat \u00e0 \u00eatre exp\u00e9di\u00e9 dans nos <b>4 Agences R\u00e9gionales<\/b> de <b>PACA, IDF, Normandie, Bretagne<\/b> <u>en moins de 24h<\/u>.<\/p>\n\n\t\t<!-- MasterSlider -->\n\t\t<div id=\"P_MS69e7b8a8e3df5\" class=\"master-slider-parent msl ms-parent-id-3\" style=\"max-width:624px;\">\n\n\t\t\t\n\t\t\t<!-- MasterSlider Main -->\n\t\t\t<div id=\"MS69e7b8a8e3df5\" class=\"master-slider ms-skin-light-3\" >\n\t\t\t\t \t\t\t\t \n\t\t\t\t<div  class=\"ms-slide\" data-delay=\"3\" data-fill-mode=\"fill\"  >\n\t\t\t\t\t<img src=\"https:\/\/asr-rayonnages-normandie.fr\/site\/wp-content\/plugins\/master-slider\/public\/assets\/css\/blank.gif\" alt=\"\" title=\"\" data-src=\"https:\/\/asr-rayonnages-normandie.fr\/site\/wp-content\/uploads\/2016\/01\/asr-slide-top-petits-rayonnages-neufs-et-occasions-01.jpg\" \/>\n\n\n\t<div class=\"ms-thumb\" ><div class=\"ms-tab-context\"><div class=&quot;ms-tab-context&quot;><\/div><\/div>\n<\/div>\n\t\t\t\t<\/div>\n\t\t\t\t<div  class=\"ms-slide\" data-delay=\"3\" data-fill-mode=\"fill\"  >\n\t\t\t\t\t<img src=\"https:\/\/asr-rayonnages-normandie.fr\/site\/wp-content\/plugins\/master-slider\/public\/assets\/css\/blank.gif\" alt=\"\" title=\"\" data-src=\"https:\/\/asr-rayonnages-normandie.fr\/site\/wp-content\/uploads\/2016\/01\/asr-slide-top-petits-rayonnages-neufs-et-occasions-02.jpg\" \/>\n\n\n\t<div class=\"ms-thumb\" ><div class=\"ms-tab-context\"><div class=&quot;ms-tab-context&quot;><\/div><\/div>\n<\/div>\n\t\t\t\t<\/div>\n\t\t\t\t<div  class=\"ms-slide\" data-delay=\"3\" data-fill-mode=\"fill\"  >\n\t\t\t\t\t<img src=\"https:\/\/asr-rayonnages-normandie.fr\/site\/wp-content\/plugins\/master-slider\/public\/assets\/css\/blank.gif\" alt=\"\" title=\"\" data-src=\"https:\/\/asr-rayonnages-normandie.fr\/site\/wp-content\/uploads\/2016\/01\/asr-slide-top-petits-rayonnages-neufs-et-occasions-03.jpg\" \/>\n\n\n\t<div class=\"ms-thumb\" ><div class=\"ms-tab-context\"><div class=&quot;ms-tab-context&quot;><\/div><\/div>\n<\/div>\n\t\t\t\t<\/div>\n\t\t\t\t<div  class=\"ms-slide\" data-delay=\"3\" data-fill-mode=\"fill\"  >\n\t\t\t\t\t<img src=\"https:\/\/asr-rayonnages-normandie.fr\/site\/wp-content\/plugins\/master-slider\/public\/assets\/css\/blank.gif\" alt=\"\" title=\"\" data-src=\"https:\/\/asr-rayonnages-normandie.fr\/site\/wp-content\/uploads\/2016\/01\/asr-slide-top-petits-rayonnages-neufs-et-occasions-04.jpg\" \/>\n\n\n\t<div class=\"ms-thumb\" ><div class=\"ms-tab-context\"><div class=&quot;ms-tab-context&quot;><\/div><\/div>\n<\/div>\n\t\t\t\t<\/div>\n\t\t\t\t<div  class=\"ms-slide\" data-delay=\"3\" data-fill-mode=\"fill\"  >\n\t\t\t\t\t<img src=\"https:\/\/asr-rayonnages-normandie.fr\/site\/wp-content\/plugins\/master-slider\/public\/assets\/css\/blank.gif\" alt=\"\" title=\"\" data-src=\"https:\/\/asr-rayonnages-normandie.fr\/site\/wp-content\/uploads\/2016\/01\/asr-slide-top-petits-rayonnages-neufs-et-occasions-05.jpg\" \/>\n\n\n\t<div class=\"ms-thumb\" ><div class=\"ms-tab-context\"><div class=&quot;ms-tab-context&quot;><\/div><\/div>\n<\/div>\n\t\t\t\t<\/div>\n\t\t\t\t<div  class=\"ms-slide\" data-delay=\"3\" data-fill-mode=\"fill\"  >\n\t\t\t\t\t<img src=\"https:\/\/asr-rayonnages-normandie.fr\/site\/wp-content\/plugins\/master-slider\/public\/assets\/css\/blank.gif\" alt=\"\" title=\"\" data-src=\"https:\/\/asr-rayonnages-normandie.fr\/site\/wp-content\/uploads\/2016\/01\/asr-slide-top-petits-rayonnages-neufs-et-occasions-06.jpg\" \/>\n\n\n\t<div class=\"ms-thumb\" ><div class=\"ms-tab-context\"><div class=&quot;ms-tab-context&quot;><\/div><\/div>\n<\/div>\n\t\t\t\t<\/div>\n\t\t\t\t<div  class=\"ms-slide\" data-delay=\"3\" data-fill-mode=\"fill\"  >\n\t\t\t\t\t<img src=\"https:\/\/asr-rayonnages-normandie.fr\/site\/wp-content\/plugins\/master-slider\/public\/assets\/css\/blank.gif\" alt=\"\" title=\"\" data-src=\"https:\/\/asr-rayonnages-normandie.fr\/site\/wp-content\/uploads\/2016\/01\/asr-slide-top-petits-rayonnages-neufs-et-occasions-07.jpg\" \/>\n\n\n\t<div class=\"ms-thumb\" ><div class=\"ms-tab-context\"><div class=&quot;ms-tab-context&quot;><\/div><\/div>\n<\/div>\n\t\t\t\t<\/div>\n\n\t\t\t<\/div>\n\t\t\t<!-- END MasterSlider Main -->\n\n\t\t\t \n\t\t<\/div>\n\t\t<!-- END MasterSlider -->\n\n\t\t<script>\n\t\t(function ( $ ) {\n\t\t\t\"use strict\";\n\n\t\t\t$(function () {\n\t\t\t\tvar masterslider_3df5 = new MasterSlider();\n\n\t\t\t\t\/\/ slider controls\n\t\t\t\tmasterslider_3df5.control('arrows'     ,{ autohide:true, overVideo:true  });\t\t\t\tmasterslider_3df5.control('bullets'    ,{ autohide:true, overVideo:true, dir:'h', align:'bottom' , margin:10  });\n\n\t\t\t\t\/\/ slider setup\n\t\t\t\tmasterslider_3df5.setup(\"MS69e7b8a8e3df5\", {\n\t\t\t\t\t\twidth           : 624,\n\t\t\t\t\t\theight          : 200,\n\t\t\t\t\t\tminHeight       : 0,\n\t\t\t\t\t\tspace           : 0,\n\t\t\t\t\t\tstart           : 1,\n\t\t\t\t\t\tgrabCursor      : true,\n\t\t\t\t\t\tswipe           : true,\n\t\t\t\t\t\tmouse           : true,\n\t\t\t\t\t\tlayout          : \"boxed\",\n\t\t\t\t\t\twheel           : false,\n\t\t\t\t\t\tautoplay        : true,\n\t\t\t\t\t\tinstantStartLayers:false,\n\t\t\t\t\t\tloop            : true,\n\t\t\t\t\t\tshuffle         : false,\n\t\t\t\t\t\tpreload         : 0,\n\t\t\t\t\t\theightLimit     : true,\n\t\t\t\t\t\tautoHeight      : true,\n\t\t\t\t\t\tsmoothHeight    : true,\n\t\t\t\t\t\tendPause        : false,\n\t\t\t\t\t\toverPause       : true,\n\t\t\t\t\t\tfillMode        : \"fill\",\n\t\t\t\t\t\tcenterControls  : true,\n\t\t\t\t\t\tstartOnAppear   : false,\n\t\t\t\t\t\tlayersMode      : \"center\",\n\t\t\t\t\t\thideLayers      : false,\n\t\t\t\t\t\tfullscreenMargin: 0,\n\t\t\t\t\t\tspeed           : 20,\n\t\t\t\t\t\tdir             : \"h\",\n\t\t\t\t\t\tparallaxMode    : 'swipe',\n\t\t\t\t\t\tview            : \"basic\"\n\t\t\t\t});\n\n\t\t\t\t\n\t\t\t\twindow.masterslider_instances = window.masterslider_instances || [];\n\t\t\t\twindow.masterslider_instances.push( masterslider_3df5 );\n\t\t\t });\n\n\t\t})(jQuery);\n\t\t<\/script>\n\n\n<p style=\"margin-bottom: 1rem\">\n<h2>Petit rayonnage<\/h2>\n<p>Que votre besoin soit pour un <b>rayonnage \u00e0 archives, semi-lourd ou industriel<\/b>, <b>pour 10 \u00e0 1000 m\u00e8tres lin\u00e9aires neufs ou occasions<\/b>, n&rsquo;h\u00e9sitez pas, nous aurons l&rsquo;offre la plus adapt\u00e9e, en petit rayonnages ou rayonnage l\u00e9ger et accessoires de rayonnage et de stockage.<\/p>\n<p><b>Afin d&rsquo;obtenir un devis dans les meilleurs d\u00e9lais, merci de bien vouloir remplir le formulaire de devis ci-contre<\/b>, notre stock \u00e9tant centralis\u00e9, nous disposons d&rsquo;une unit\u00e9 d\u00e9di\u00e9e au traitement des demandes, qui sera la plus \u00e0 m\u00eame de vous \u00e9tablir diverses propositions selon les stocks et marques disponibles, ainsi vous obtenez une r\u00e9ponse la plus appropri\u00e9e, le plus souvent en quelques heures, selon la sp\u00e9cificit\u00e9 de votre demande et de vos besoins en plateformes de stockage ou mezzanines neuves ou d&rsquo;occasion.<\/p>\n<p>Si vous le souhaitez, vous pouvez \u00e9galement contacter l&rsquo;un de nos responsables r\u00e9gionaux, qui vous aiguilleront et s&rsquo;occuperont de votre demande, aux horaires de bureau aux coordonn\u00e9es suivantes :<\/p>\n<ul>\n<li><b>ASR Rayonnages Ile-de-France<\/b> &#8211; Num\u00e9ro national : <strong>01 60 09 55 88<\/strong><\/li>\n<p><\/p>\n<li><b>ASR Rayonnages Normandie<\/b> &#8211; Num\u00e9ro national r\u00e9gions : <strong>01 60 44 07 15<\/strong><\/li>\n<li><b>ASR Rayonnages Champagne<\/b> &#8211; Num\u00e9ro national r\u00e9gions : <strong>01 60 44 07 15<\/strong><\/li>\n<li><b>ASR Rayonnages Bretagne<\/b> &#8211; Num\u00e9ro national r\u00e9gions : <strong>01 60 44 07 15<\/strong><\/li>\n<li><b>ASR Rayonnages PACA<\/b> &#8211; Num\u00e9ro national r\u00e9gions : <strong>01 60 44 07 15<\/strong><\/li>\n<\/ul>\n<p>\nN&rsquo;h\u00e9sitez pas \u00e0 nous contacter pour toute question.\n<\/div>\n<div class=\"RSDB_2COL_RIGHT\">\n<img src=\"\/site\/_rs_static\/bouton-asr-rachete-vos-installations.png\" style=\"cursor: pointer\" onclick=\"self.location='https:\/\/asr-rayonnages-normandie.fr\/site\/rachat-installations\/'\" alt=\"ASR Rayonnages Normandie\"><\/p>\n<p><img class=\"RSDB_CALLBACK\" style=\"box-shadow: 0px 0px 0px 0px rgba(0, 0, 0, 0.2); max-width: 268px;\" src=\"\/site\/_rs_static\/bouton-asr-rayonnages-normandie-callback.png\" onclick=\"document.getElementById('RSDBBOX').style.display = 'block'; document.getElementById('RSCALLBACK').style.display = 'block';\" alt=\"ASR Rayonnages Normandie\" \/><\/p>\n<p>Pour nous contacter ou obtenir un <b>devis gratuit<\/b>, merci de remplir le petit formulaire ci-dessous, nous vous contacterons dans les meilleurs d\u00e9lais<\/p>\n<div role=\"form\" class=\"wpcf7\" id=\"wpcf7-f4-o1\" lang=\"fr-FR\" dir=\"ltr\">\n<div class=\"screen-reader-response\"><p role=\"status\" aria-live=\"polite\" aria-atomic=\"true\"><\/p> <ul><\/ul><\/div>\n<form action=\"\/site\/wp-json\/wp\/v2\/pages\/22#wpcf7-f4-o1\" method=\"post\" class=\"wpcf7-form init\" novalidate=\"novalidate\" data-status=\"init\">\n<div style=\"display: none;\">\n<input type=\"hidden\" name=\"_wpcf7\" value=\"4\" \/>\n<input type=\"hidden\" name=\"_wpcf7_version\" value=\"5.5.5\" \/>\n<input type=\"hidden\" name=\"_wpcf7_locale\" value=\"fr_FR\" \/>\n<input type=\"hidden\" name=\"_wpcf7_unit_tag\" value=\"wpcf7-f4-o1\" \/>\n<input type=\"hidden\" name=\"_wpcf7_container_post\" value=\"0\" \/>\n<input type=\"hidden\" name=\"_wpcf7_posted_data_hash\" value=\"\" \/>\n<\/div>\n<p><span class=\"wpcf7-form-control-wrap your-company\"><input type=\"text\" name=\"your-company\" value=\"\" size=\"40\" class=\"wpcf7-form-control wpcf7-text\" aria-invalid=\"false\" placeholder=\"Votre Soci\u00e9t\u00e9\" \/><\/span><\/p>\n<p><span class=\"wpcf7-form-control-wrap your-name\"><input type=\"text\" name=\"your-name\" value=\"\" size=\"40\" class=\"wpcf7-form-control wpcf7-text wpcf7-validates-as-required\" aria-required=\"true\" aria-invalid=\"false\" placeholder=\"Votre nom (obligatoire)\" \/><\/span><\/p>\n<p><span class=\"wpcf7-form-control-wrap your-email\"><input type=\"email\" name=\"your-email\" value=\"\" size=\"40\" class=\"wpcf7-form-control wpcf7-text wpcf7-email wpcf7-validates-as-email\" aria-invalid=\"false\" placeholder=\"Votre email\" \/><\/span><\/p>\n<p><span class=\"wpcf7-form-control-wrap your-tel\"><input type=\"tel\" name=\"your-tel\" value=\"\" size=\"40\" class=\"wpcf7-form-control wpcf7-text wpcf7-tel wpcf7-validates-as-required wpcf7-validates-as-tel\" aria-required=\"true\" aria-invalid=\"false\" placeholder=\"T\u00e9l. : XX XX XX XX XX (obligatoire)\" \/><\/span><\/p>\n<p><span class=\"wpcf7-form-control-wrap your-cp\"><input type=\"text\" name=\"your-cp\" value=\"\" size=\"40\" class=\"wpcf7-form-control wpcf7-text\" aria-invalid=\"false\" placeholder=\"Code Postal : XX XXX\" \/><\/span><\/p>\n<p><span class=\"wpcf7-form-control-wrap your-subject\"><select name=\"your-subject\" class=\"wpcf7-form-control wpcf7-select\" aria-invalid=\"false\"><option value=\"Contact\">Contact<\/option><option value=\"Devis Rack\/Rayonnage\">Devis Rack\/Rayonnage<\/option><option value=\"Devis Mezzanine\">Devis Mezzanine<\/option><option value=\"Devis autres prestations\">Devis autres prestations<\/option><\/select><\/span><\/p>\n<p><span class=\"wpcf7-form-control-wrap your-objet\"><select name=\"your-objet\" class=\"wpcf7-form-control wpcf7-select\" aria-invalid=\"false\"><option value=\"R\u00e9gion : Normandie\">R\u00e9gion : Normandie<\/option><option value=\"R\u00e9gion : IDF\">R\u00e9gion : IDF<\/option><option value=\"R\u00e9gion : Nord\">R\u00e9gion : Nord<\/option><option value=\"R\u00e9gion : Est\">R\u00e9gion : Est<\/option><option value=\"R\u00e9gion : Champagne\">R\u00e9gion : Champagne<\/option><option value=\"R\u00e9gion : Bretagne\">R\u00e9gion : Bretagne<\/option><option value=\"R\u00e9gion : Sud \/ PACA\">R\u00e9gion : Sud \/ PACA<\/option><option value=\"Autres r\u00e9gions\">Autres r\u00e9gions<\/option><\/select><\/span><\/p>\n<p><span class=\"wpcf7-form-control-wrap your-message\"><textarea name=\"your-message\" cols=\"40\" rows=\"10\" class=\"wpcf7-form-control wpcf7-textarea\" aria-invalid=\"false\" placeholder=\"Votre Message \/ Votre Besoin\"><\/textarea><\/span><\/p>\n<p><input type=\"submit\" value=\"Envoyer\" class=\"wpcf7-form-control has-spinner wpcf7-submit\" \/><\/p>\n<p style=\"display: none !important;\"><label>&#916;<textarea name=\"_wpcf7_ak_hp_textarea\" cols=\"45\" rows=\"8\" maxlength=\"100\"><\/textarea><\/label><input type=\"hidden\" id=\"ak_js_1\" name=\"_wpcf7_ak_js\" value=\"173\"\/><script>document.getElementById( \"ak_js_1\" ).setAttribute( \"value\", ( new Date() ).getTime() );<\/script><\/p><div class=\"wpcf7-response-output\" aria-hidden=\"true\"><\/div><\/form><\/div><\/div>\n<div style=\"clear: both\"><\/div>\n","protected":false},"excerpt":{"rendered":"<p>Vous \u00eates \u00e0 la recherche de petits rayonnages neufs ou d&rsquo;occasion, ASR Rayonnages Normandie vous propose un large choix de petits rayonnages (neufs et occasions), des marques de principaux fabricants, selon nos arrivages et disponibilit\u00e9s des stocks. ASR Rayonnages Normandie et le Groupe ASR Equipement, ce sont plus de 12 000 m\u00b2 d\u00e9di\u00e9s aux petits [&hellip;]<\/p>\n","protected":false},"author":1,"featured_media":0,"parent":0,"menu_order":0,"comment_status":"closed","ping_status":"closed","template":"","meta":[],"_links":{"self":[{"href":"https:\/\/asr-rayonnages-normandie.fr\/site\/wp-json\/wp\/v2\/pages\/22"}],"collection":[{"href":"https:\/\/asr-rayonnages-normandie.fr\/site\/wp-json\/wp\/v2\/pages"}],"about":[{"href":"https:\/\/asr-rayonnages-normandie.fr\/site\/wp-json\/wp\/v2\/types\/page"}],"author":[{"embeddable":true,"href":"https:\/\/asr-rayonnages-normandie.fr\/site\/wp-json\/wp\/v2\/users\/1"}],"replies":[{"embeddable":true,"href":"https:\/\/asr-rayonnages-normandie.fr\/site\/wp-json\/wp\/v2\/comments?post=22"}],"version-history":[{"count":6,"href":"https:\/\/asr-rayonnages-normandie.fr\/site\/wp-json\/wp\/v2\/pages\/22\/revisions"}],"predecessor-version":[{"id":197,"href":"https:\/\/asr-rayonnages-normandie.fr\/site\/wp-json\/wp\/v2\/pages\/22\/revisions\/197"}],"wp:attachment":[{"href":"https:\/\/asr-rayonnages-normandie.fr\/site\/wp-json\/wp\/v2\/media?parent=22"}],"curies":[{"name":"wp","href":"https:\/\/api.w.org\/{rel}","templated":true}]}}